{"id":130,"date":"2025-10-05T18:19:44","date_gmt":"2025-10-05T18:19:44","guid":{"rendered":"https:\/\/superthreeasset.com.br\/?page_id=130"},"modified":"2025-10-09T11:35:33","modified_gmt":"2025-10-09T11:35:33","slug":"investidas","status":"publish","type":"page","link":"https:\/\/superthreeasset.com.br\/en\/investidas\/","title":{"rendered":"Invested"},"content":{"rendered":"<div data-elementor-type=\"wp-page\" data-elementor-id=\"130\" class=\"elementor elementor-130\" data-elementor-post-type=\"page\">\n\t\t\t\t<div class=\"elementor-element elementor-element-e603b14 e-flex e-con-boxed e-con e-parent\" data-id=\"e603b14\" data-element_type=\"container\" data-e-type=\"container\">\n\t\t\t\t\t<div class=\"e-con-inner\">\n\t\t\t\t\t<\/div>\n\t\t\t\t<\/div>\n\t\t<div class=\"elementor-element elementor-element-bf499d6 e-flex e-con-boxed e-con e-parent\" data-id=\"bf499d6\" data-element_type=\"container\" data-e-type=\"container\">\n\t\t\t\t\t<div class=\"e-con-inner\">\n\t\t\t\t<div data-dce-background-image-url=\"https:\/\/superthreeasset.com.br\/wp-content\/uploads\/2025\/10\/superthreeasse_investidas.png\" class=\"elementor-element elementor-element-bf14d88 elementor-invisible elementor-widget elementor-widget-flex-hero\" data-id=\"bf14d88\" data-element_type=\"widget\" data-e-type=\"widget\" data-settings=\"{&quot;_animation&quot;:&quot;fadeInUp&quot;,&quot;layout_preset&quot;:&quot;showcase&quot;,&quot;layout_column_structure&quot;:&quot;50-50&quot;,&quot;layout_image_position&quot;:&quot;end&quot;,&quot;primary_button_shape&quot;:&quot;default&quot;,&quot;image_shape&quot;:&quot;sharp&quot;,&quot;box_shape&quot;:&quot;sharp&quot;}\" data-widget_type=\"flex-hero.default\">\n\t\t\t\t<div class=\"elementor-widget-container\">\n\t\t\t\t\t\t\t<div class=\"has-shape-sharp shape-type-box has-column-structure-50-50  ehp-flex-hero has-layout-preset-showcase has-image-stretch has-image-position-end\">\n\t\t\t\t\t\t<div class=\"ehp-flex-hero__overlay\"><\/div>\n\t\t\t<div class=\"ehp-flex-hero__content-container\">\n\t\t\t\t<p class=\"ehp-flex-hero__intro\">Invested<\/p><h2 class=\"ehp-flex-hero__heading\">Discover the brands that make a difference<\/h2>\t\t\t<div class=\"ehp-flex-hero__ctas-container\">\n\t\t\t\t\t\t\t\t\t\t\t<\/div>\n\t\t\t\t\t<\/div>\n\t\t\t\t<div class=\"ehp-flex-hero__image-wrapper\">\n\t\t\t\t<\/div>\n\t\t\t\t<\/div>\n\t\t\t\t\t\t<\/div>\n\t\t\t\t<\/div>\n\t\t\t\t\t<\/div>\n\t\t\t\t<\/div>\n\t\t<div class=\"elementor-element elementor-element-bfbcde5 e-grid e-con-full e-con e-parent\" data-id=\"bfbcde5\" data-element_type=\"container\" data-e-type=\"container\">\n\t\t\t\t<div data-dce-advanced-background-color=\"#20202078\" class=\"elementor-element elementor-element-446da53 elementor-view-default elementor-position-block-start elementor-mobile-position-block-start elementor-widget elementor-widget-icon-box\" data-id=\"446da53\" data-element_type=\"widget\" data-e-type=\"widget\" data-widget_type=\"icon-box.default\">\n\t\t\t\t\t\t\t<div class=\"elementor-icon-box-wrapper\">\n\n\t\t\t\t\t\t<div class=\"elementor-icon-box-icon\">\n\t\t\t\t<span  class=\"elementor-icon\">\n\t\t\t\t<svg aria-hidden=\"true\" class=\"e-font-icon-svg e-fas-star-of-life\" viewbox=\"0 0 480 512\" xmlns=\"http:\/\/www.w3.org\/2000\/svg\"><path d=\"M471.99 334.43L336.06 256l135.93-78.43c7.66-4.42 10.28-14.2 5.86-21.86l-32.02-55.43c-4.42-7.65-14.21-10.28-21.87-5.86l-135.93 78.43V16c0-8.84-7.17-16-16.01-16h-64.04c-8.84 0-16.01 7.16-16.01 16v156.86L56.04 94.43c-7.66-4.42-17.45-1.79-21.87 5.86L2.15 155.71c-4.42 7.65-1.8 17.44 5.86 21.86L143.94 256 8.01 334.43c-7.66 4.42-10.28 14.21-5.86 21.86l32.02 55.43c4.42 7.65 14.21 10.27 21.87 5.86l135.93-78.43V496c0 8.84 7.17 16 16.01 16h64.04c8.84 0 16.01-7.16 16.01-16V339.14l135.93 78.43c7.66 4.42 17.45 1.8 21.87-5.86l32.02-55.43c4.42-7.65 1.8-17.43-5.86-21.85z\"><\/path><\/svg>\t\t\t\t<\/span>\n\t\t\t<\/div>\n\t\t\t\n\t\t\t\t\t\t<div class=\"elementor-icon-box-content\">\n\n\t\t\t\t\n\t\t\t\t\t\t\t\t\t<p class=\"elementor-icon-box-description\">\n\t\t\t\t\t\tWe support entrepreneurs who combine purpose, boldness, and flawless execution.\t\t\t\t\t<\/p>\n\t\t\t\t\n\t\t\t<\/div>\n\t\t\t\n\t\t<\/div>\n\t\t\t\t\t\t<\/div>\n\t\t\t\t<div data-dce-advanced-background-color=\"#20202078\" class=\"elementor-element elementor-element-7cc6f86 elementor-view-default elementor-position-block-start elementor-mobile-position-block-start elementor-widget elementor-widget-icon-box\" data-id=\"7cc6f86\" data-element_type=\"widget\" data-e-type=\"widget\" data-widget_type=\"icon-box.default\">\n\t\t\t\t\t\t\t<div class=\"elementor-icon-box-wrapper\">\n\n\t\t\t\t\t\t<div class=\"elementor-icon-box-icon\">\n\t\t\t\t<span  class=\"elementor-icon\">\n\t\t\t\t<svg aria-hidden=\"true\" class=\"e-font-icon-svg e-fas-star-of-life\" viewbox=\"0 0 480 512\" xmlns=\"http:\/\/www.w3.org\/2000\/svg\"><path d=\"M471.99 334.43L336.06 256l135.93-78.43c7.66-4.42 10.28-14.2 5.86-21.86l-32.02-55.43c-4.42-7.65-14.21-10.28-21.87-5.86l-135.93 78.43V16c0-8.84-7.17-16-16.01-16h-64.04c-8.84 0-16.01 7.16-16.01 16v156.86L56.04 94.43c-7.66-4.42-17.45-1.79-21.87 5.86L2.15 155.71c-4.42 7.65-1.8 17.44 5.86 21.86L143.94 256 8.01 334.43c-7.66 4.42-10.28 14.21-5.86 21.86l32.02 55.43c4.42 7.65 14.21 10.27 21.87 5.86l135.93-78.43V496c0 8.84 7.17 16 16.01 16h64.04c8.84 0 16.01-7.16 16.01-16V339.14l135.93 78.43c7.66 4.42 17.45 1.8 21.87-5.86l32.02-55.43c4.42-7.65 1.8-17.43-5.86-21.85z\"><\/path><\/svg>\t\t\t\t<\/span>\n\t\t\t<\/div>\n\t\t\t\n\t\t\t\t\t\t<div class=\"elementor-icon-box-content\">\n\n\t\t\t\t\n\t\t\t\t\t\t\t\t\t<p class=\"elementor-icon-box-description\">\n\t\t\t\t\t\tOur ecosystem is made up of companies that are reinventing the way we live, care for ourselves, and evolve.\t\t\t\t\t<\/p>\n\t\t\t\t\n\t\t\t<\/div>\n\t\t\t\n\t\t<\/div>\n\t\t\t\t\t\t<\/div>\n\t\t\t\t<div data-dce-advanced-background-color=\"#20202078\" class=\"elementor-element elementor-element-b76e840 elementor-view-default elementor-position-block-start elementor-mobile-position-block-start elementor-widget elementor-widget-icon-box\" data-id=\"b76e840\" data-element_type=\"widget\" data-e-type=\"widget\" data-widget_type=\"icon-box.default\">\n\t\t\t\t\t\t\t<div class=\"elementor-icon-box-wrapper\">\n\n\t\t\t\t\t\t<div class=\"elementor-icon-box-icon\">\n\t\t\t\t<span  class=\"elementor-icon\">\n\t\t\t\t<svg aria-hidden=\"true\" class=\"e-font-icon-svg e-fas-star-of-life\" viewbox=\"0 0 480 512\" xmlns=\"http:\/\/www.w3.org\/2000\/svg\"><path d=\"M471.99 334.43L336.06 256l135.93-78.43c7.66-4.42 10.28-14.2 5.86-21.86l-32.02-55.43c-4.42-7.65-14.21-10.28-21.87-5.86l-135.93 78.43V16c0-8.84-7.17-16-16.01-16h-64.04c-8.84 0-16.01 7.16-16.01 16v156.86L56.04 94.43c-7.66-4.42-17.45-1.79-21.87 5.86L2.15 155.71c-4.42 7.65-1.8 17.44 5.86 21.86L143.94 256 8.01 334.43c-7.66 4.42-10.28 14.21-5.86 21.86l32.02 55.43c4.42 7.65 14.21 10.27 21.87 5.86l135.93-78.43V496c0 8.84 7.17 16 16.01 16h64.04c8.84 0 16.01-7.16 16.01-16V339.14l135.93 78.43c7.66 4.42 17.45 1.8 21.87-5.86l32.02-55.43c4.42-7.65 1.8-17.43-5.86-21.85z\"><\/path><\/svg>\t\t\t\t<\/span>\n\t\t\t<\/div>\n\t\t\t\n\t\t\t\t\t\t<div class=\"elementor-icon-box-content\">\n\n\t\t\t\t\n\t\t\t\t\t\t\t\t\t<p class=\"elementor-icon-box-description\">\n\t\t\t\t\t\tAll with the same desire to leave a positive mark on the world.\t\t\t\t\t<\/p>\n\t\t\t\t\n\t\t\t<\/div>\n\t\t\t\n\t\t<\/div>\n\t\t\t\t\t\t<\/div>\n\t\t\t\t<\/div>\n\t\t<div class=\"elementor-element elementor-element-f7e16e0 e-flex e-con-boxed e-con e-parent\" data-id=\"f7e16e0\" data-element_type=\"container\" data-e-type=\"container\">\n\t\t\t\t\t<div class=\"e-con-inner\">\n\t\t\t\t<div class=\"elementor-element elementor-element-1f90138 elementor-widget elementor-widget-heading\" data-id=\"1f90138\" data-element_type=\"widget\" data-e-type=\"widget\" data-widget_type=\"heading.default\">\n\t\t\t\t\t<h2 class=\"elementor-heading-title elementor-size-default\">Discover the brands we believe in<\/h2>\t\t\t\t<\/div>\n\t\t\t\t\t<\/div>\n\t\t\t\t<\/div>\n\t\t<div class=\"elementor-element elementor-element-e206a36 e-con-full e-flex e-con e-parent\" data-id=\"e206a36\" data-element_type=\"container\" data-e-type=\"container\">\n\t\t\t\t<div class=\"elementor-element elementor-element-53cdc60 elementor-grid-mobile-1 elementor-grid-3 elementor-grid-tablet-2 elementor-widget elementor-widget-loop-grid\" data-id=\"53cdc60\" data-element_type=\"widget\" data-e-type=\"widget\" data-settings=\"{&quot;template_id&quot;:&quot;94&quot;,&quot;columns_mobile&quot;:1,&quot;row_gap_mobile&quot;:{&quot;unit&quot;:&quot;px&quot;,&quot;size&quot;:10,&quot;sizes&quot;:[]},&quot;_skin&quot;:&quot;post&quot;,&quot;columns&quot;:&quot;3&quot;,&quot;columns_tablet&quot;:&quot;2&quot;,&quot;edit_handle_selector&quot;:&quot;[data-elementor-type=\\&quot;loop-item\\&quot;]&quot;,&quot;row_gap&quot;:{&quot;unit&quot;:&quot;px&quot;,&quot;size&quot;:&quot;&quot;,&quot;sizes&quot;:[]},&quot;row_gap_tablet&quot;:{&quot;unit&quot;:&quot;px&quot;,&quot;size&quot;:&quot;&quot;,&quot;sizes&quot;:[]}}\" data-widget_type=\"loop-grid.post\">\n\t\t\t\t<div class=\"elementor-widget-container\">\n\t\t\t\t\t\t\t<div class=\"elementor-loop-container elementor-grid\" role=\"list\">\n\t\t<style id=\"loop-94\">.elementor-94 .elementor-element.elementor-element-aa0650c{--display:flex;--gap:20px 20px;--row-gap:20px;--column-gap:20px;--border-radius:20px 20px 20px 20px;--padding-top:10px;--padding-bottom:10px;--padding-left:10px;--padding-right:10px;}.elementor-widget-image .widget-image-caption{color:var( --e-global-color-text );font-family:var( --e-global-typography-text-font-family ), Sans-serif;font-size:var( --e-global-typography-text-font-size );font-weight:var( --e-global-typography-text-font-weight );text-transform:var( --e-global-typography-text-text-transform );font-style:var( --e-global-typography-text-font-style );text-decoration:var( --e-global-typography-text-text-decoration );line-height:var( --e-global-typography-text-line-height );letter-spacing:var( --e-global-typography-text-letter-spacing );word-spacing:var( --e-global-typography-text-word-spacing );}.elementor-94 .elementor-element.elementor-element-d30f163 img{width:250px;border-radius:10px 10px 10px 10px;}@media(max-width:1024px){.elementor-widget-image .widget-image-caption{font-size:var( --e-global-typography-text-font-size );line-height:var( --e-global-typography-text-line-height );letter-spacing:var( --e-global-typography-text-letter-spacing );word-spacing:var( --e-global-typography-text-word-spacing );}}@media(max-width:767px){.elementor-widget-image .widget-image-caption{font-size:var( --e-global-typography-text-font-size );line-height:var( --e-global-typography-text-line-height );letter-spacing:var( --e-global-typography-text-letter-spacing );word-spacing:var( --e-global-typography-text-word-spacing );}}<\/style>\t\t<div data-elementor-type=\"loop-item\" data-elementor-id=\"94\" class=\"elementor elementor-94 e-loop-item e-loop-item-93 post-93 investida type-investida status-publish has-post-thumbnail hentry\" data-elementor-post-type=\"elementor_library\" data-custom-edit-handle=\"1\">\n\t\t\t<a class=\"elementor-element elementor-element-aa0650c e-flex e-con-boxed e-con e-parent\" data-id=\"aa0650c\" data-element_type=\"container\" data-e-type=\"container\" href=\"https:\/\/www.instagram.com\/neechehouse\/\" target=\"_blank\" rel=\"noopener\">\n\t\t\t\t\t<div class=\"e-con-inner\">\n\t\t\t\t<div class=\"elementor-element elementor-element-d30f163 elementor-widget elementor-widget-image\" data-id=\"d30f163\" data-element_type=\"widget\" data-e-type=\"widget\" data-widget_type=\"image.default\">\n\t\t\t\t\t\t\t\t\t\t\t\t\t\t\t<img fetchpriority=\"high\" decoding=\"async\" width=\"1536\" height=\"1536\" src=\"https:\/\/superthreeasset.com.br\/wp-content\/uploads\/2025\/10\/Logo-Investidas_Neeche-House-1536x1536.jpg\" class=\"attachment-1536x1536 size-1536x1536 wp-image-190\" alt=\"\" srcset=\"https:\/\/superthreeasset.com.br\/wp-content\/uploads\/2025\/10\/Logo-Investidas_Neeche-House-1536x1536.jpg 1536w, https:\/\/superthreeasset.com.br\/wp-content\/uploads\/2025\/10\/Logo-Investidas_Neeche-House-300x300.jpg 300w, https:\/\/superthreeasset.com.br\/wp-content\/uploads\/2025\/10\/Logo-Investidas_Neeche-House-1024x1024.jpg 1024w, https:\/\/superthreeasset.com.br\/wp-content\/uploads\/2025\/10\/Logo-Investidas_Neeche-House-150x150.jpg 150w, https:\/\/superthreeasset.com.br\/wp-content\/uploads\/2025\/10\/Logo-Investidas_Neeche-House-768x768.jpg 768w, https:\/\/superthreeasset.com.br\/wp-content\/uploads\/2025\/10\/Logo-Investidas_Neeche-House-2048x2048.jpg 2048w\" sizes=\"(max-width: 1536px) 100vw, 1536px\" \/>\t\t\t\t\t\t\t\t\t\t\t\t\t\t\t<\/div>\n\t\t\t\t\t<\/div>\n\t\t\t\t<\/a>\n\t\t\t\t<\/div>\n\t\t\t\t<div data-elementor-type=\"loop-item\" data-elementor-id=\"94\" class=\"elementor elementor-94 e-loop-item e-loop-item-90 post-90 investida type-investida status-publish has-post-thumbnail hentry\" data-elementor-post-type=\"elementor_library\" data-custom-edit-handle=\"1\">\n\t\t\t<a class=\"elementor-element elementor-element-aa0650c e-flex e-con-boxed e-con e-parent\" data-id=\"aa0650c\" data-element_type=\"container\" data-e-type=\"container\" href=\"https:\/\/www.instagram.com\/ultra.academias_americana\/\" target=\"_blank\" rel=\"noopener\">\n\t\t\t\t\t<div class=\"e-con-inner\">\n\t\t\t\t<div class=\"elementor-element elementor-element-d30f163 elementor-widget elementor-widget-image\" data-id=\"d30f163\" data-element_type=\"widget\" data-e-type=\"widget\" data-widget_type=\"image.default\">\n\t\t\t\t\t\t\t\t\t\t\t\t\t\t\t<img decoding=\"async\" width=\"1536\" height=\"1536\" src=\"https:\/\/superthreeasset.com.br\/wp-content\/uploads\/2025\/10\/Logo-Investidas_Ultra-1536x1536.jpg\" class=\"attachment-1536x1536 size-1536x1536 wp-image-191\" alt=\"\" srcset=\"https:\/\/superthreeasset.com.br\/wp-content\/uploads\/2025\/10\/Logo-Investidas_Ultra-1536x1536.jpg 1536w, https:\/\/superthreeasset.com.br\/wp-content\/uploads\/2025\/10\/Logo-Investidas_Ultra-300x300.jpg 300w, https:\/\/superthreeasset.com.br\/wp-content\/uploads\/2025\/10\/Logo-Investidas_Ultra-1024x1024.jpg 1024w, https:\/\/superthreeasset.com.br\/wp-content\/uploads\/2025\/10\/Logo-Investidas_Ultra-150x150.jpg 150w, https:\/\/superthreeasset.com.br\/wp-content\/uploads\/2025\/10\/Logo-Investidas_Ultra-768x768.jpg 768w, https:\/\/superthreeasset.com.br\/wp-content\/uploads\/2025\/10\/Logo-Investidas_Ultra-2048x2048.jpg 2048w\" sizes=\"(max-width: 1536px) 100vw, 1536px\" \/>\t\t\t\t\t\t\t\t\t\t\t\t\t\t\t<\/div>\n\t\t\t\t\t<\/div>\n\t\t\t\t<\/a>\n\t\t\t\t<\/div>\n\t\t\t\t<div data-elementor-type=\"loop-item\" data-elementor-id=\"94\" class=\"elementor elementor-94 e-loop-item e-loop-item-88 post-88 investida type-investida status-publish has-post-thumbnail hentry\" data-elementor-post-type=\"elementor_library\" data-custom-edit-handle=\"1\">\n\t\t\t<a class=\"elementor-element elementor-element-aa0650c e-flex e-con-boxed e-con e-parent\" data-id=\"aa0650c\" data-element_type=\"container\" data-e-type=\"container\" href=\"https:\/\/www.instagram.com\/pipocadojohnny\/\" target=\"_blank\" rel=\"noopener\">\n\t\t\t\t\t<div class=\"e-con-inner\">\n\t\t\t\t<div class=\"elementor-element elementor-element-d30f163 elementor-widget elementor-widget-image\" data-id=\"d30f163\" data-element_type=\"widget\" data-e-type=\"widget\" data-widget_type=\"image.default\">\n\t\t\t\t\t\t\t\t\t\t\t\t\t\t\t<img decoding=\"async\" width=\"1536\" height=\"1536\" src=\"https:\/\/superthreeasset.com.br\/wp-content\/uploads\/2025\/10\/Logo-Investidas_Snacks-do-Johnny-1536x1536.jpg\" class=\"attachment-1536x1536 size-1536x1536 wp-image-192\" alt=\"\" srcset=\"https:\/\/superthreeasset.com.br\/wp-content\/uploads\/2025\/10\/Logo-Investidas_Snacks-do-Johnny-1536x1536.jpg 1536w, https:\/\/superthreeasset.com.br\/wp-content\/uploads\/2025\/10\/Logo-Investidas_Snacks-do-Johnny-300x300.jpg 300w, https:\/\/superthreeasset.com.br\/wp-content\/uploads\/2025\/10\/Logo-Investidas_Snacks-do-Johnny-1024x1024.jpg 1024w, https:\/\/superthreeasset.com.br\/wp-content\/uploads\/2025\/10\/Logo-Investidas_Snacks-do-Johnny-150x150.jpg 150w, https:\/\/superthreeasset.com.br\/wp-content\/uploads\/2025\/10\/Logo-Investidas_Snacks-do-Johnny-768x768.jpg 768w, https:\/\/superthreeasset.com.br\/wp-content\/uploads\/2025\/10\/Logo-Investidas_Snacks-do-Johnny-2048x2048.jpg 2048w\" sizes=\"(max-width: 1536px) 100vw, 1536px\" \/>\t\t\t\t\t\t\t\t\t\t\t\t\t\t\t<\/div>\n\t\t\t\t\t<\/div>\n\t\t\t\t<\/a>\n\t\t\t\t<\/div>\n\t\t\t\t<\/div>\n\t\t\n\t\t\t\t\t\t<\/div>\n\t\t\t\t<\/div>\n\t\t\t\t<\/div>\n\t\t\t\t<\/div>","protected":false},"excerpt":{"rendered":"<p>Investidas Conhe\u00e7a as marcas que fazem a diferen\u00e7a Apoiamos empreendedores que unem prop\u00f3sito, ousadia e execu\u00e7\u00e3o impec\u00e1vel. Nosso ecossistema \u00e9 formado por empresas que est\u00e3o reinventando o modo como vivemos, cuidamos e evolu\u00edmos. Todas com a mesma vontade de deixar uma marca positiva no mundo. Conhe\u00e7a as marcas em que acreditamos<\/p>","protected":false},"author":2,"featured_media":0,"parent":0,"menu_order":0,"comment_status":"closed","ping_status":"closed","template":"","meta":{"_acf_changed":false,"footnotes":""},"class_list":["post-130","page","type-page","status-publish","hentry"],"acf":[],"_hostinger_reach_plugin_has_subscription_block":false,"_hostinger_reach_plugin_is_elementor":false,"_links":{"self":[{"href":"https:\/\/superthreeasset.com.br\/en\/wp-json\/wp\/v2\/pages\/130","targetHints":{"allow":["GET"]}}],"collection":[{"href":"https:\/\/superthreeasset.com.br\/en\/wp-json\/wp\/v2\/pages"}],"about":[{"href":"https:\/\/superthreeasset.com.br\/en\/wp-json\/wp\/v2\/types\/page"}],"author":[{"embeddable":true,"href":"https:\/\/superthreeasset.com.br\/en\/wp-json\/wp\/v2\/users\/2"}],"replies":[{"embeddable":true,"href":"https:\/\/superthreeasset.com.br\/en\/wp-json\/wp\/v2\/comments?post=130"}],"version-history":[{"count":16,"href":"https:\/\/superthreeasset.com.br\/en\/wp-json\/wp\/v2\/pages\/130\/revisions"}],"predecessor-version":[{"id":186,"href":"https:\/\/superthreeasset.com.br\/en\/wp-json\/wp\/v2\/pages\/130\/revisions\/186"}],"wp:attachment":[{"href":"https:\/\/superthreeasset.com.br\/en\/wp-json\/wp\/v2\/media?parent=130"}],"curies":[{"name":"wp","href":"https:\/\/api.w.org\/{rel}","templated":true}]}}