{"id":25,"date":"2025-09-27T00:20:38","date_gmt":"2025-09-27T00:20:38","guid":{"rendered":"https:\/\/superthreeasset.com.br\/contact\/"},"modified":"2025-10-12T21:06:18","modified_gmt":"2025-10-12T21:06:18","slug":"contato","status":"publish","type":"page","link":"https:\/\/superthreeasset.com.br\/en\/contato\/","title":{"rendered":"Contact"},"content":{"rendered":"<div data-elementor-type=\"wp-page\" data-elementor-id=\"25\" class=\"elementor elementor-25\" data-elementor-post-type=\"page\">\n\t\t\t\t<div class=\"elementor-element elementor-element-777b3bcc animated-fast e-flex e-con-boxed elementor-invisible e-con e-parent\" data-id=\"777b3bcc\" data-element_type=\"container\" data-e-type=\"container\" data-settings=\"{&quot;animation&quot;:&quot;fadeIn&quot;}\">\n\t\t\t\t\t<div class=\"e-con-inner\">\n\t\t\t\t<div class=\"elementor-element elementor-element-17d61da1 elementor-absolute elementor-view-default elementor-widget elementor-widget-icon\" data-id=\"17d61da1\" data-element_type=\"widget\" data-e-type=\"widget\" data-settings=\"{&quot;_position&quot;:&quot;absolute&quot;}\" data-widget_type=\"icon.default\">\n\t\t\t\t\t\t\t<div class=\"elementor-icon-wrapper\">\n\t\t\t<div class=\"elementor-icon\">\n\t\t\t<svg aria-hidden=\"true\" class=\"e-font-icon-svg e-fas-star-of-life\" viewbox=\"0 0 480 512\" xmlns=\"http:\/\/www.w3.org\/2000\/svg\"><path d=\"M471.99 334.43L336.06 256l135.93-78.43c7.66-4.42 10.28-14.2 5.86-21.86l-32.02-55.43c-4.42-7.65-14.21-10.28-21.87-5.86l-135.93 78.43V16c0-8.84-7.17-16-16.01-16h-64.04c-8.84 0-16.01 7.16-16.01 16v156.86L56.04 94.43c-7.66-4.42-17.45-1.79-21.87 5.86L2.15 155.71c-4.42 7.65-1.8 17.44 5.86 21.86L143.94 256 8.01 334.43c-7.66 4.42-10.28 14.21-5.86 21.86l32.02 55.43c4.42 7.65 14.21 10.27 21.87 5.86l135.93-78.43V496c0 8.84 7.17 16 16.01 16h64.04c8.84 0 16.01-7.16 16.01-16V339.14l135.93 78.43c7.66 4.42 17.45 1.8 21.87-5.86l32.02-55.43c4.42-7.65 1.8-17.43-5.86-21.85z\"><\/path><\/svg>\t\t\t<\/div>\n\t\t<\/div>\n\t\t\t\t\t\t<\/div>\n\t\t\t\t<div class=\"elementor-element elementor-element-140cc8fd elementor-widget elementor-widget-flex-hero\" data-id=\"140cc8fd\" data-element_type=\"widget\" data-e-type=\"widget\" data-settings=\"{&quot;primary_button_shape&quot;:&quot;round&quot;,&quot;layout_preset&quot;:&quot;showcase&quot;,&quot;layout_column_structure&quot;:&quot;50-50&quot;,&quot;layout_image_position&quot;:&quot;end&quot;,&quot;image_shape&quot;:&quot;sharp&quot;,&quot;box_shape&quot;:&quot;sharp&quot;}\" data-widget_type=\"flex-hero.default\">\n\t\t\t\t<div class=\"elementor-widget-container\">\n\t\t\t\t\t\t\t<div class=\"has-shape-sharp shape-type-box has-column-structure-50-50  ehp-flex-hero has-layout-preset-showcase has-image-stretch has-image-position-end\">\n\t\t\t\t\t\t<div class=\"ehp-flex-hero__overlay\"><\/div>\n\t\t\t<div class=\"ehp-flex-hero__content-container\">\n\t\t\t\t<h2 class=\"ehp-flex-hero__heading\">We believe in ideas that transform lives<\/h2><h3 class=\"ehp-flex-hero__subheading\">We invest in businesses that promote health, balance, and quality of life\u2014with smart capital, strategy, and a support network.<\/h3>\t\t\t<div class=\"ehp-flex-hero__ctas-container\">\n\t\t\t\t\t\t\t\t\t\t\t<\/div>\n\t\t\t\t\t<\/div>\n\t\t\t\t<div class=\"ehp-flex-hero__image-wrapper\">\n\t\t\t\t\t<div class=\"ehp-image ehp-flex-hero__image-container\">\n\t\t\t\t<img decoding=\"async\" class=\"ehp-image__img ehp-flex-hero__img has-shape-sharp shape-type-image\" src=\"https:\/\/superthreeasset.com.br\/wp-content\/uploads\/2025\/10\/Image_fx-11.png\" title=\"Image_fx (11)\" alt=\"Image_fx (11)\" loading=\"lazy\" \/>\t\t\t<\/div>\n\t\t\t\t\t<\/div>\n\t\t\t\t<\/div>\n\t\t\t\t\t\t<\/div>\n\t\t\t\t<\/div>\n\t\t\t\t\t<\/div>\n\t\t\t\t<\/div>\n\t\t<div class=\"elementor-element elementor-element-77262e24 e-flex e-con-boxed e-con e-parent\" data-id=\"77262e24\" data-element_type=\"container\" data-e-type=\"container\">\n\t\t\t\t\t<div class=\"e-con-inner\">\n\t\t\t\t<div class=\"elementor-element elementor-element-3a58eb0 elementor-widget elementor-widget-heading\" data-id=\"3a58eb0\" data-element_type=\"widget\" data-e-type=\"widget\" data-widget_type=\"heading.default\">\n\t\t\t\t\t<h2 class=\"elementor-heading-title elementor-size-default\">CONTACT US<\/h2>\t\t\t\t<\/div>\n\t\t\t\t<div class=\"elementor-element elementor-element-d771a5e ekit_wpForms_container-form-button-full-width elementor-widget__width-initial elementor-widget elementor-widget-elementskit-wp-forms\" data-id=\"d771a5e\" data-element_type=\"widget\" data-e-type=\"widget\" data-widget_type=\"elementskit-wp-forms.default\">\n\t\t\t\t<div class=\"elementor-widget-container\">\n\t\t\t\t\t<div class=\"ekit-wid-con ekit_wpForms_container\"><style id=\"wpforms-css-vars-193\">\n\t\t\t\t#wpforms-193 {\n\t\t\t\t--wpforms-field-size-input-height: 43px;\n--wpforms-field-size-input-spacing: 15px;\n--wpforms-field-size-font-size: 16px;\n--wpforms-field-size-line-height: 19px;\n--wpforms-field-size-padding-h: 14px;\n--wpforms-field-size-checkbox-size: 16px;\n--wpforms-field-size-sublabel-spacing: 5px;\n--wpforms-field-size-icon-size: 1;\n--wpforms-label-size-font-size: 16px;\n--wpforms-label-size-line-height: 19px;\n--wpforms-label-size-sublabel-font-size: 14px;\n--wpforms-label-size-sublabel-line-height: 17px;\n--wpforms-button-size-font-size: 17px;\n--wpforms-button-size-height: 41px;\n--wpforms-button-size-padding-h: 15px;\n--wpforms-button-size-margin-top: 10px;\n--wpforms-container-shadow-size-box-shadow: none;\n\n\t\t\t}\n\t\t\t<\/style><div class=\"wpforms-container wpforms-container-full wpforms-render-modern\" id=\"wpforms-193\"><form id=\"wpforms-form-193\" class=\"wpforms-validate wpforms-form wpforms-ajax-form\" data-formid=\"193\" method=\"post\" enctype=\"multipart\/form-data\" action=\"\/en\/contato\/\" data-token=\"e25f5e4be9f4a947e99a200636bb32da\" data-token-time=\"1777909220\" data-trp-original-action=\"\/en\/contato\/\"><noscript class=\"wpforms-error-noscript\" data-no-translation=\"\" data-trp-gettext=\"\">Please enable JavaScript in your browser to complete this form.<\/noscript><div id=\"wpforms-error-noscript\" style=\"display: none;\" data-no-translation=\"\" data-trp-gettext=\"\">Please enable JavaScript in your browser to complete this form.<\/div><div class=\"wpforms-field-container\"><div id=\"wpforms-193-field_1-container\" class=\"wpforms-field wpforms-field-name\" data-field-id=\"1\"><label class=\"wpforms-field-label wpforms-label-hide\" for=\"wpforms-193-field_1\" aria-hidden=\"false\">Name <span class=\"wpforms-required-label\" aria-hidden=\"true\">*<\/span><\/label><input type=\"text\" id=\"wpforms-193-field_1\" class=\"wpforms-field-large wpforms-field-required\" name=\"wpforms[fields][1]\" placeholder=\"Name\" aria-errormessage=\"wpforms-193-field_1-error\" required><\/div><div id=\"wpforms-193-field_2-container\" class=\"wpforms-field wpforms-field-email\" data-field-id=\"2\"><label class=\"wpforms-field-label wpforms-label-hide\" for=\"wpforms-193-field_2\" aria-hidden=\"false\">Email <span class=\"wpforms-required-label\" aria-hidden=\"true\">*<\/span><\/label><input type=\"email\" id=\"wpforms-193-field_2\" class=\"wpforms-field-large wpforms-field-required\" name=\"wpforms[fields][2]\" placeholder=\"Email\" spellcheck=\"false\" aria-errormessage=\"wpforms-193-field_2-error\" required><\/div>\t\t<div id=\"wpforms-193-field_4-container\"\n\t\t\tclass=\"wpforms-field wpforms-field-text\"\n\t\t\tdata-field-type=\"text\"\n\t\t\tdata-field-id=\"4\"\n\t\t\t>\n\t\t\t<label class=\"wpforms-field-label\" for=\"wpforms-193-field_4\" >Pitch Email Nome<\/label>\n\t\t\t<input type=\"text\" id=\"wpforms-193-field_4\" class=\"wpforms-field-medium\" name=\"wpforms[fields][4]\" >\n\t\t<\/div>\n\t\t<div id=\"wpforms-193-field_3-container\" class=\"wpforms-field wpforms-field-textarea\" data-field-id=\"3\"><label class=\"wpforms-field-label wpforms-label-hide\" for=\"wpforms-193-field_3\" aria-hidden=\"false\">Pitch<\/label><textarea id=\"wpforms-193-field_3\" class=\"wpforms-field-medium\" name=\"wpforms[fields][3]\" placeholder=\"Make your pitch\" aria-errormessage=\"wpforms-193-field_3-error\" ><\/textarea><\/div><script>\n\t\t\t\t( function() {\n\t\t\t\t\tconst style = document.createElement( 'style' );\n\t\t\t\t\tstyle.appendChild( document.createTextNode( '#wpforms-193-field_4-container { position: absolute !important; overflow: hidden !important; display: inline !important; height: 1px !important; width: 1px !important; z-index: -1000 !important; padding: 0 !important; } #wpforms-193-field_4-container input { visibility: hidden; } #wpforms-conversational-form-page #wpforms-193-field_4-container label { counter-increment: none; }' ) );\n\t\t\t\t\tdocument.head.appendChild( style );\n\t\t\t\t\tdocument.currentScript?.remove();\n\t\t\t\t} )();\n\t\t\t<\/script><\/div><!-- .wpforms-field-container --><div class=\"wpforms-submit-container\" ><input type=\"hidden\" name=\"wpforms[id]\" value=\"193\"><input type=\"hidden\" name=\"page_title\" value=\"Contato\"><input type=\"hidden\" name=\"page_url\" value=\"https:\/\/superthreeasset.com.br\/en\/contato\/\"><input type=\"hidden\" name=\"url_referer\" value=\"\"><input type=\"hidden\" name=\"page_id\" value=\"25\"><input type=\"hidden\" name=\"wpforms[post_id]\" value=\"25\"><button type=\"submit\" name=\"wpforms[submit]\" id=\"wpforms-submit-193\" class=\"wpforms-submit\" data-alt-text=\"Enviando...\" data-submit-text=\"Enviar\" aria-live=\"assertive\" value=\"wpforms-submit\">Send<\/button><img decoding=\"async\" src=\"https:\/\/superthreeasset.com.br\/wp-content\/plugins\/wpforms\/assets\/images\/submit-spin.svg\" class=\"wpforms-submit-spinner\" style=\"display: none;\" width=\"26\" height=\"26\" alt=\"Loading\" data-no-translation-alt=\"\"><\/div><input type=\"hidden\" name=\"trp-form-language\" value=\"en\"\/><\/form><\/div>  <!-- .wpforms-container --><\/div>\t\t\t\t<\/div>\n\t\t\t\t<\/div>\n\t\t\t\t\t<\/div>\n\t\t\t\t<\/div>\n\t\t\t\t<\/div>","protected":false},"excerpt":{"rendered":"<p>Acreditamos em ideias que transformam vidas Investimos em neg\u00f3cios que promovem sa\u00fade, equil\u00edbrio e qualidade de vida \u2014 com capital inteligente, estrat\u00e9gia e rede de apoio. FALE CONOSCO Please enable JavaScript in your browser to complete this form.Please enable JavaScript in your browser to complete this form.Nome *Email *Pitch Enviar<\/p>","protected":false},"author":2,"featured_media":0,"parent":0,"menu_order":0,"comment_status":"closed","ping_status":"closed","template":"","meta":{"_acf_changed":false,"footnotes":""},"class_list":["post-25","page","type-page","status-publish","hentry"],"acf":[],"_hostinger_reach_plugin_has_subscription_block":false,"_hostinger_reach_plugin_is_elementor":false,"_links":{"self":[{"href":"https:\/\/superthreeasset.com.br\/en\/wp-json\/wp\/v2\/pages\/25","targetHints":{"allow":["GET"]}}],"collection":[{"href":"https:\/\/superthreeasset.com.br\/en\/wp-json\/wp\/v2\/pages"}],"about":[{"href":"https:\/\/superthreeasset.com.br\/en\/wp-json\/wp\/v2\/types\/page"}],"author":[{"embeddable":true,"href":"https:\/\/superthreeasset.com.br\/en\/wp-json\/wp\/v2\/users\/2"}],"replies":[{"embeddable":true,"href":"https:\/\/superthreeasset.com.br\/en\/wp-json\/wp\/v2\/comments?post=25"}],"version-history":[{"count":56,"href":"https:\/\/superthreeasset.com.br\/en\/wp-json\/wp\/v2\/pages\/25\/revisions"}],"predecessor-version":[{"id":354,"href":"https:\/\/superthreeasset.com.br\/en\/wp-json\/wp\/v2\/pages\/25\/revisions\/354"}],"wp:attachment":[{"href":"https:\/\/superthreeasset.com.br\/en\/wp-json\/wp\/v2\/media?parent=25"}],"curies":[{"name":"wp","href":"https:\/\/api.w.org\/{rel}","templated":true}]}}